{"id":16993,"date":"2016-10-09T13:03:40","date_gmt":"2016-10-09T17:03:40","guid":{"rendered":"https:\/\/steverousseaudesigns.com\/fr\/?page_id=16993"},"modified":"2019-07-12T15:49:06","modified_gmt":"2019-07-12T19:49:06","slug":"addictive-crochet-collection-de-chales-1","status":"publish","type":"page","link":"https:\/\/steverousseaudesigns.com\/fr\/bundles-1\/addictive-crochet-collection-de-chales-1\/","title":{"rendered":"Addictive Crochet Collection de Ch\u00e2les 1"},"content":{"rendered":"<div class=\"flex_column av_one_third  flex_column_div first  \" ><div class='avia-image-container  av-styling-    avia-align-center '  itemprop=\"ImageObject\" itemscope=\"itemscope\" itemtype=\"https:\/\/schema.org\/ImageObject\"  ><div class='avia-image-container-inner'><img class='avia_image ' src='https:\/\/steverousseaudesigns.com\/wp-content\/uploads\/2016\/10\/Addictive-Crochet-Shawl-Collection-1-Portrait-232x300.jpg' alt='' title='addictive-crochet-shawl-collection-1-portrait'   itemprop=\"thumbnailUrl\"  \/><\/div><\/div><\/div>\n<div class=\"flex_column av_two_third  flex_column_div av-zero-column-padding   \" style='border-radius:0px; '><section class=\"av_textblock_section \"  itemscope=\"itemscope\" itemtype=\"https:\/\/schema.org\/CreativeWork\" ><div class='avia_textblock  '   itemprop=\"text\" ><h2 style=\"text-align: left;\">Addictive Crochet\u00a0&#8211; Collection de ch\u00e2les 1<\/h2>\n<p><span style=\"color: #333333;\"><strong>Addictive Crochet\u00a0&#8211; Collection de Ch\u00e2les 1<\/strong><\/span>\u00a0est ensemble de douze patrons de\u00a0crochet.<\/p>\n<\/div><\/section><br \/>\n<div style='height:25px' class='hr hr-invisible  '><span class='hr-inner ' ><span class='hr-inner-style'><\/span><\/span><\/div><br \/>\n<section class=\"av_textblock_section \"  itemscope=\"itemscope\" itemtype=\"https:\/\/schema.org\/CreativeWork\" ><div class='avia_textblock  '   itemprop=\"text\" ><h3><strong><span style=\"color: #993300;\">$19.50 USD<\/span> \u00a0<\/strong>(PDF \u00c0 T\u00c9L\u00c9CHARGER)<\/h3>\n<\/div><\/section><br \/>\n<section class=\"avia_codeblock_section  avia_code_block_0\"  itemscope=\"itemscope\" itemtype=\"https:\/\/schema.org\/CreativeWork\" ><div class='avia_codeblock '  itemprop=\"text\" > [avia_codeblock_placeholder uid=\"0\"] <\/div><\/section><br \/>\n<div style='padding-bottom:10px;' class='av-special-heading av-special-heading-h3     '><h3 class='av-special-heading-tag '  itemprop=\"headline\"  >D\u00e9tails du bundle<\/h3><div class='special-heading-border'><div class='special-heading-inner-border' ><\/div><\/div><\/div><br \/>\n<section class=\"av_textblock_section \"  itemscope=\"itemscope\" itemtype=\"https:\/\/schema.org\/CreativeWork\" ><div class='avia_textblock  '   itemprop=\"text\" ><ul>\n<li>12 patrons de ch\u00e2les rectangulaires<\/li>\n<li>Instructions sous forme de\u00a0grille<\/li>\n<li>12 fichiers PDF en fran\u00e7ais et 12 fichiers PDF en anglais<\/li>\n<\/ul>\n<\/div><\/section><\/p><\/div><div class=\"flex_column av_one_full  flex_column_div first  \" ><p><br \/>\n<div style='height:25px' class='hr hr-invisible  '><span class='hr-inner ' ><span class='hr-inner-style'><\/span><\/span><\/div><br \/>\n<div style='height:100px' class='hr hr-invisible  '><span class='hr-inner ' ><span class='hr-inner-style'><\/span><\/span><\/div><\/p><\/div><\/p>\n","protected":false},"excerpt":{"rendered":"","protected":false},"author":1,"featured_media":0,"parent":17664,"menu_order":0,"comment_status":"closed","ping_status":"closed","template":"","meta":{"footnotes":""},"class_list":["post-16993","page","type-page","status-publish","hentry"],"_links":{"self":[{"href":"https:\/\/steverousseaudesigns.com\/fr\/wp-json\/wp\/v2\/pages\/16993","targetHints":{"allow":["GET"]}}],"collection":[{"href":"https:\/\/steverousseaudesigns.com\/fr\/wp-json\/wp\/v2\/pages"}],"about":[{"href":"https:\/\/steverousseaudesigns.com\/fr\/wp-json\/wp\/v2\/types\/page"}],"author":[{"embeddable":true,"href":"https:\/\/steverousseaudesigns.com\/fr\/wp-json\/wp\/v2\/users\/1"}],"replies":[{"embeddable":true,"href":"https:\/\/steverousseaudesigns.com\/fr\/wp-json\/wp\/v2\/comments?post=16993"}],"version-history":[{"count":4,"href":"https:\/\/steverousseaudesigns.com\/fr\/wp-json\/wp\/v2\/pages\/16993\/revisions"}],"predecessor-version":[{"id":17001,"href":"https:\/\/steverousseaudesigns.com\/fr\/wp-json\/wp\/v2\/pages\/16993\/revisions\/17001"}],"up":[{"embeddable":true,"href":"https:\/\/steverousseaudesigns.com\/fr\/wp-json\/wp\/v2\/pages\/17664"}],"wp:attachment":[{"href":"https:\/\/steverousseaudesigns.com\/fr\/wp-json\/wp\/v2\/media?parent=16993"}],"curies":[{"name":"wp","href":"https:\/\/api.w.org\/{rel}","templated":true}]}}