{"id":2399,"date":"2013-11-24T08:46:46","date_gmt":"2013-11-24T08:46:46","guid":{"rendered":"http:\/\/steverousseaudesigns.com\/?page_id=2399"},"modified":"2018-09-02T08:51:01","modified_gmt":"2018-09-02T12:51:01","slug":"accueil","status":"publish","type":"page","link":"https:\/\/steverousseaudesigns.com\/fr\/","title":{"rendered":"Accueil"},"content":{"rendered":"<\/div><\/div><\/div><!-- close content main div --><\/div><\/div><div id='full_slider_1' class='avia-fullwidth-slider main_color avia-shadow   container_wrap sidebar_right'   ><div  data-size='featured'  data-lightbox_size='large'  data-animation='slide'  data-ids='17038,17514,17508'  data-video_counter='0'  data-autoplay='true'  data-bg_slider='false'  data-slide_height=''  data-handle='av_slideshow_full'  data-interval='5'  data-class=' '  data-css_id=''  data-scroll_down=''  data-control_layout='av-control-default'  data-custom_markup=''  data-perma_caption=''  data-autoplay_stopper=''  data-image_attachment=''  data-min_height='0px'  data-src=''  data-position='top left'  data-repeat='no-repeat'  data-attach='scroll'  data-stretch=''  data-default-height='28.666666666667'  class='avia-slideshow avia-slideshow-1  av-control-default av-default-height-applied avia-slideshow-featured av_slideshow_full   avia-slide-slider '  itemprop=\"ImageObject\" itemscope=\"itemscope\" itemtype=\"https:\/\/schema.org\/ImageObject\" ><ul class='avia-slideshow-inner' style='padding-bottom: 28.666666666667%;'><li  class=' slide-1 ' ><div data-rel='slideshow-1' class='avia-slide-wrap'  ><img src='https:\/\/steverousseaudesigns.com\/wp-content\/uploads\/2013\/11\/SRD-Knit-Wear-Connect-FR.jpg' width='1500' height='430' title='srd-knit-wear-connect-fr' alt=''  itemprop=\"thumbnailUrl\"   \/><\/div><\/li><li  class=' slide-2 ' ><div data-rel='slideshow-1' class='avia-slide-wrap'  ><div class = \"caption_fullwidth av-slideshow-caption caption_bottom caption_bottom_framed caption_framed\"><div class = \"container caption_container\"><div class = \"slideshow_caption\"><div class = \"slideshow_inner_caption\"><div class = \"slideshow_align_caption\"><h2  class='avia-caption-title '  itemprop=\"name\" >Addictive Knitting<\/h2><div class='avia-caption-content  '  itemprop=\"description\"  ><p>Des motifs contemporains que vous adorerez r\u00e9aliser !<\/p>\n<\/div><a href='https:\/\/steverousseaudesigns.com\/fr\/tricot\/'  class='avia-slideshow-button avia-button avia-color-theme-color-subtle ' data-duration='800' data-easing='easeInOutQuad'>Voir la collection<\/a><\/div><\/div><\/div><\/div><\/div><img src='https:\/\/steverousseaudesigns.com\/wp-content\/uploads\/2018\/04\/Addictive-Knitting.jpg' width='1500' height='430' title='Addictive-Knitting' alt=''  itemprop=\"thumbnailUrl\"   \/><\/div><\/li><li  class=' slide-3 ' ><div data-rel='slideshow-1' class='avia-slide-wrap'  ><div class = \"caption_fullwidth av-slideshow-caption caption_bottom caption_bottom_framed caption_framed\"><div class = \"container caption_container\"><div class = \"slideshow_caption\"><div class = \"slideshow_inner_caption\"><div class = \"slideshow_align_caption\"><h2  class='avia-caption-title '  itemprop=\"name\" >Passionn\u00e9s au travail<\/h2><div class='avia-caption-content  '  itemprop=\"description\"  ><p>Pour des nouveaux motifs que vous adorerez collectionner !<\/p>\n<\/div><\/div><\/div><\/div><\/div><\/div><img src='https:\/\/steverousseaudesigns.com\/wp-content\/uploads\/2018\/04\/srd-knitting-1500x430.jpg' width='1500' height='430' title='srd-knitting-1500x430' alt=''  itemprop=\"thumbnailUrl\"   \/><\/div><\/li><\/ul><div class='avia-slideshow-arrows avia-slideshow-controls'><a href='#prev' class='prev-slide' aria-hidden='true' data-av_icon='\ue87c' data-av_iconfont='entypo-fontello'>Pr\u00e9c\u00e9dent<\/a><a href='#next' class='next-slide' aria-hidden='true' data-av_icon='\ue87d' data-av_iconfont='entypo-fontello'>Suivant<\/a><\/div><div class='avia-slideshow-dots avia-slideshow-controls'><a href='#1' class='goto-slide active' >1<\/a><a href='#2' class='goto-slide ' >2<\/a><a href='#3' class='goto-slide ' >3<\/a><\/div><\/div><\/div>\n<div style='height:20px' class='hr hr-invisible  '><span class='hr-inner ' ><span class='hr-inner-style'><\/span><\/span><\/div>\n<section class=\"av_textblock_section \"  itemscope=\"itemscope\" itemtype=\"https:\/\/schema.org\/CreativeWork\" ><div class='avia_textblock  '   itemprop=\"text\" ><h2 style=\"text-align: center;\"><span style=\"color: #444444;\">Steve Rousseau Designs<\/span><\/h2>\n<h3 style=\"text-align: center;\"><span style=\"color: #808080;\">Faits main par vous &#8211; Patrons de Tricot et de Cochet<\/span><\/h3>\n<\/div><\/section>\n<div  class='hr hr-short hr-center  '><span class='hr-inner ' ><span class='hr-inner-style'><\/span><\/span><\/div>\n<section class=\"av_textblock_section \"  itemscope=\"itemscope\" itemtype=\"https:\/\/schema.org\/CreativeWork\" ><div class='avia_textblock  '   itemprop=\"text\" ><p style=\"text-align: justify;\">Notre studio de design d\u00e9fie continuellement les limites de ce qui peut \u00eatre r\u00e9alis\u00e9 en combinant les meilleurs fils \u00e0 tricoter avec la puret\u00e9 des points et techniques simples pour cr\u00e9er des motifs complexes.\u00a0Nous cr\u00e9ons des mod\u00e8les avant-gardistes et offrons des livrets num\u00e9riques de haute qualit\u00e9.\u00a0<b>SteveRousseauDesigns<\/b>\u00a0est renomm\u00e9e pour son innovation, son service \u00e0 la client\u00e8le exceptionnel et son int\u00e9grit\u00e9.<\/p>\n<div><\/div>\n<\/div><\/section>\n<div style='height:30px' class='hr hr-invisible  '><span class='hr-inner ' ><span class='hr-inner-style'><\/span><\/span><\/div>\n<div class=\"flex_column av_one_full  flex_column_div first  \" ><p><div style='padding-bottom:25px;color:#444444;' class='av-special-heading av-special-heading-h2 custom-color-heading    '><h2 class='av-special-heading-tag '  itemprop=\"headline\"  >Derni\u00e8res cr\u00e9ations<\/h2><div class='special-heading-border'><div class='special-heading-inner-border' style='border-color:#444444'><\/div><\/div><\/div><br \/>\n<div class=' grid-sort-container isotope   no_margin-container with-title-container grid-total-even grid-col-4 grid-links-' data-portfolio-id='1'><div data-ajax-id='18170' class=' grid-entry flex_column isotope-item all_sort no_margin post-entry post-entry-18170 grid-entry-overview grid-loop-1 grid-parity-odd  chales-rectangulaires_sort crochet_sort  av_one_fourth first default_av_fullwidth '><article class='main_color inner-entry'  itemscope=\"itemscope\" itemtype=\"https:\/\/schema.org\/CreativeWork\" ><a href='https:\/\/steverousseaudesigns.com\/fr\/portfolio-item\/matthew-chale-cachemire\/' title='Matthew ch\u00e2le en cachemire'  data-rel='grid-1' class='grid-image avia-hover-fx'><img loading=\"lazy\" decoding=\"async\" width=\"576\" height=\"576\" src=\"https:\/\/steverousseaudesigns.com\/wp-content\/uploads\/2024\/06\/Matthew-Cashmere-Shawl-Portfolio-Thumbnail.jpg\" class=\"attachment-no scaling size-no scaling wp-post-image\" alt=\"\" srcset=\"https:\/\/steverousseaudesigns.com\/wp-content\/uploads\/2024\/06\/Matthew-Cashmere-Shawl-Portfolio-Thumbnail.jpg 576w, https:\/\/steverousseaudesigns.com\/wp-content\/uploads\/2024\/06\/Matthew-Cashmere-Shawl-Portfolio-Thumbnail-300x300.jpg 300w, https:\/\/steverousseaudesigns.com\/wp-content\/uploads\/2024\/06\/Matthew-Cashmere-Shawl-Portfolio-Thumbnail-80x80.jpg 80w, https:\/\/steverousseaudesigns.com\/wp-content\/uploads\/2024\/06\/Matthew-Cashmere-Shawl-Portfolio-Thumbnail-36x36.jpg 36w, https:\/\/steverousseaudesigns.com\/wp-content\/uploads\/2024\/06\/Matthew-Cashmere-Shawl-Portfolio-Thumbnail-180x180.jpg 180w, https:\/\/steverousseaudesigns.com\/wp-content\/uploads\/2024\/06\/Matthew-Cashmere-Shawl-Portfolio-Thumbnail-120x120.jpg 120w, https:\/\/steverousseaudesigns.com\/wp-content\/uploads\/2024\/06\/Matthew-Cashmere-Shawl-Portfolio-Thumbnail-450x450.jpg 450w\" sizes=\"auto, (max-width: 576px) 100vw, 576px\" \/><\/a><div class='grid-content'><div class='avia-arrow'><\/div><header class=\"entry-content-header\"><h3 class='grid-entry-title entry-title'  itemprop=\"headline\" ><a href='https:\/\/steverousseaudesigns.com\/fr\/portfolio-item\/matthew-chale-cachemire\/' title='Matthew ch\u00e2le en cachemire'>Matthew ch\u00e2le en cachemire<\/a><\/h3><\/header><\/div><footer class=\"entry-footer\"><\/footer><\/article><\/div><div data-ajax-id='18155' class=' grid-entry flex_column isotope-item all_sort no_margin post-entry post-entry-18155 grid-entry-overview grid-loop-2 grid-parity-even  chales-rectangulaires_sort tricot_sort  av_one_fourth  default_av_fullwidth '><article class='main_color inner-entry'  itemscope=\"itemscope\" itemtype=\"https:\/\/schema.org\/CreativeWork\" ><a href='https:\/\/steverousseaudesigns.com\/fr\/portfolio-item\/augustus-chale-cachemire\/' title='Augustus ch\u00e2le en cachemire'  data-rel='grid-1' class='grid-image avia-hover-fx'><img loading=\"lazy\" decoding=\"async\" width=\"576\" height=\"576\" src=\"https:\/\/steverousseaudesigns.com\/wp-content\/uploads\/2024\/05\/Augustus-Cashmere-Shawl-Portfolio-Thumbnail.jpg\" class=\"attachment-no scaling size-no scaling wp-post-image\" alt=\"\" srcset=\"https:\/\/steverousseaudesigns.com\/wp-content\/uploads\/2024\/05\/Augustus-Cashmere-Shawl-Portfolio-Thumbnail.jpg 576w, https:\/\/steverousseaudesigns.com\/wp-content\/uploads\/2024\/05\/Augustus-Cashmere-Shawl-Portfolio-Thumbnail-300x300.jpg 300w, https:\/\/steverousseaudesigns.com\/wp-content\/uploads\/2024\/05\/Augustus-Cashmere-Shawl-Portfolio-Thumbnail-80x80.jpg 80w, https:\/\/steverousseaudesigns.com\/wp-content\/uploads\/2024\/05\/Augustus-Cashmere-Shawl-Portfolio-Thumbnail-36x36.jpg 36w, https:\/\/steverousseaudesigns.com\/wp-content\/uploads\/2024\/05\/Augustus-Cashmere-Shawl-Portfolio-Thumbnail-180x180.jpg 180w, https:\/\/steverousseaudesigns.com\/wp-content\/uploads\/2024\/05\/Augustus-Cashmere-Shawl-Portfolio-Thumbnail-120x120.jpg 120w, https:\/\/steverousseaudesigns.com\/wp-content\/uploads\/2024\/05\/Augustus-Cashmere-Shawl-Portfolio-Thumbnail-450x450.jpg 450w\" sizes=\"auto, (max-width: 576px) 100vw, 576px\" \/><\/a><div class='grid-content'><div class='avia-arrow'><\/div><header class=\"entry-content-header\"><h3 class='grid-entry-title entry-title'  itemprop=\"headline\" ><a href='https:\/\/steverousseaudesigns.com\/fr\/portfolio-item\/augustus-chale-cachemire\/' title='Augustus ch\u00e2le en cachemire'>Augustus ch\u00e2le en cachemire<\/a><\/h3><\/header><\/div><footer class=\"entry-footer\"><\/footer><\/article><\/div><div data-ajax-id='18142' class=' grid-entry flex_column isotope-item all_sort no_margin post-entry post-entry-18142 grid-entry-overview grid-loop-3 grid-parity-odd  chales-rectangulaires_sort crochet_sort  av_one_fourth  default_av_fullwidth '><article class='main_color inner-entry'  itemscope=\"itemscope\" itemtype=\"https:\/\/schema.org\/CreativeWork\" ><a href='https:\/\/steverousseaudesigns.com\/fr\/portfolio-item\/augustin-chale-cachemire\/' title='Augustin ch\u00e2le en cachemire'  data-rel='grid-1' class='grid-image avia-hover-fx'><img loading=\"lazy\" decoding=\"async\" width=\"576\" height=\"576\" src=\"https:\/\/steverousseaudesigns.com\/wp-content\/uploads\/2024\/05\/Augustin-Cashmere-Shawl-Portfolio-Thumbnail.jpg\" class=\"attachment-no scaling size-no scaling wp-post-image\" alt=\"\" srcset=\"https:\/\/steverousseaudesigns.com\/wp-content\/uploads\/2024\/05\/Augustin-Cashmere-Shawl-Portfolio-Thumbnail.jpg 576w, https:\/\/steverousseaudesigns.com\/wp-content\/uploads\/2024\/05\/Augustin-Cashmere-Shawl-Portfolio-Thumbnail-300x300.jpg 300w, https:\/\/steverousseaudesigns.com\/wp-content\/uploads\/2024\/05\/Augustin-Cashmere-Shawl-Portfolio-Thumbnail-80x80.jpg 80w, https:\/\/steverousseaudesigns.com\/wp-content\/uploads\/2024\/05\/Augustin-Cashmere-Shawl-Portfolio-Thumbnail-36x36.jpg 36w, https:\/\/steverousseaudesigns.com\/wp-content\/uploads\/2024\/05\/Augustin-Cashmere-Shawl-Portfolio-Thumbnail-180x180.jpg 180w, https:\/\/steverousseaudesigns.com\/wp-content\/uploads\/2024\/05\/Augustin-Cashmere-Shawl-Portfolio-Thumbnail-120x120.jpg 120w, https:\/\/steverousseaudesigns.com\/wp-content\/uploads\/2024\/05\/Augustin-Cashmere-Shawl-Portfolio-Thumbnail-450x450.jpg 450w\" sizes=\"auto, (max-width: 576px) 100vw, 576px\" \/><\/a><div class='grid-content'><div class='avia-arrow'><\/div><header class=\"entry-content-header\"><h3 class='grid-entry-title entry-title'  itemprop=\"headline\" ><a href='https:\/\/steverousseaudesigns.com\/fr\/portfolio-item\/augustin-chale-cachemire\/' title='Augustin ch\u00e2le en cachemire'>Augustin ch\u00e2le en cachemire<\/a><\/h3><\/header><\/div><footer class=\"entry-footer\"><\/footer><\/article><\/div><div data-ajax-id='18127' class=' grid-entry flex_column isotope-item all_sort no_margin post-entry post-entry-18127 grid-entry-overview grid-loop-4 grid-parity-even  post-entry-last  chales-rectangulaires_sort crochet_sort  av_one_fourth  default_av_fullwidth '><article class='main_color inner-entry'  itemscope=\"itemscope\" itemtype=\"https:\/\/schema.org\/CreativeWork\" ><a href='https:\/\/steverousseaudesigns.com\/fr\/portfolio-item\/steven-chale-cachemire\/' title='Steven ch\u00e2le en cachemire'  data-rel='grid-1' class='grid-image avia-hover-fx'><img loading=\"lazy\" decoding=\"async\" width=\"576\" height=\"576\" src=\"https:\/\/steverousseaudesigns.com\/wp-content\/uploads\/2024\/04\/Steven-Cashmere-Shawl-Portfolio-Thumbnail.jpg\" class=\"attachment-no scaling size-no scaling wp-post-image\" alt=\"\" srcset=\"https:\/\/steverousseaudesigns.com\/wp-content\/uploads\/2024\/04\/Steven-Cashmere-Shawl-Portfolio-Thumbnail.jpg 576w, https:\/\/steverousseaudesigns.com\/wp-content\/uploads\/2024\/04\/Steven-Cashmere-Shawl-Portfolio-Thumbnail-300x300.jpg 300w, https:\/\/steverousseaudesigns.com\/wp-content\/uploads\/2024\/04\/Steven-Cashmere-Shawl-Portfolio-Thumbnail-80x80.jpg 80w, https:\/\/steverousseaudesigns.com\/wp-content\/uploads\/2024\/04\/Steven-Cashmere-Shawl-Portfolio-Thumbnail-36x36.jpg 36w, https:\/\/steverousseaudesigns.com\/wp-content\/uploads\/2024\/04\/Steven-Cashmere-Shawl-Portfolio-Thumbnail-180x180.jpg 180w, https:\/\/steverousseaudesigns.com\/wp-content\/uploads\/2024\/04\/Steven-Cashmere-Shawl-Portfolio-Thumbnail-120x120.jpg 120w, https:\/\/steverousseaudesigns.com\/wp-content\/uploads\/2024\/04\/Steven-Cashmere-Shawl-Portfolio-Thumbnail-450x450.jpg 450w\" sizes=\"auto, (max-width: 576px) 100vw, 576px\" \/><\/a><div class='grid-content'><div class='avia-arrow'><\/div><header class=\"entry-content-header\"><h3 class='grid-entry-title entry-title'  itemprop=\"headline\" ><a href='https:\/\/steverousseaudesigns.com\/fr\/portfolio-item\/steven-chale-cachemire\/' title='Steven ch\u00e2le en cachemire'>Steven ch\u00e2le en cachemire<\/a><\/h3><\/header><\/div><footer class=\"entry-footer\"><\/footer><\/article><\/div><\/div><br \/>\n<div style='height:15px' class='hr hr-invisible  '><span class='hr-inner ' ><span class='hr-inner-style'><\/span><\/span><\/div><\/p><\/div>\n<div class=\"flex_column av_one_fourth  flex_column_div av-zero-column-padding first  \" style='border-radius:0px; '><\/div>\n<div class=\"flex_column av_one_fourth  flex_column_div av-zero-column-padding   \" style='border-radius:0px; '><div class='avia-button-wrap avia-button-center '><a href='https:\/\/steverousseaudesigns.com\/fr\/tricot\/' class='avia-button   avia-icon_select-no avia-color-theme-color avia-size-medium avia-position-center '   ><span class='avia_iconbox_title' >Voir les patrons de tricot<\/span><\/a><\/div><\/div>\n<div class=\"flex_column av_one_fourth  flex_column_div av-zero-column-padding   \" style='border-radius:0px; '><div class='avia-button-wrap avia-button-center '><a href='https:\/\/steverousseaudesigns.com\/fr\/crochet\/' class='avia-button   avia-icon_select-no avia-color-theme-color avia-size-medium avia-position-center '   ><span class='avia_iconbox_title' >Voir les patrons de crochet<\/span><\/a><\/div><\/div>\n<div class=\"flex_column av_one_fourth  flex_column_div av-zero-column-padding   \" style='border-radius:0px; '><\/div>\n","protected":false},"excerpt":{"rendered":"","protected":false},"author":1,"featured_media":0,"parent":0,"menu_order":0,"comment_status":"closed","ping_status":"closed","template":"","meta":{"footnotes":""},"class_list":["post-2399","page","type-page","status-publish","hentry"],"_links":{"self":[{"href":"https:\/\/steverousseaudesigns.com\/fr\/wp-json\/wp\/v2\/pages\/2399","targetHints":{"allow":["GET"]}}],"collection":[{"href":"https:\/\/steverousseaudesigns.com\/fr\/wp-json\/wp\/v2\/pages"}],"about":[{"href":"https:\/\/steverousseaudesigns.com\/fr\/wp-json\/wp\/v2\/types\/page"}],"author":[{"embeddable":true,"href":"https:\/\/steverousseaudesigns.com\/fr\/wp-json\/wp\/v2\/users\/1"}],"replies":[{"embeddable":true,"href":"https:\/\/steverousseaudesigns.com\/fr\/wp-json\/wp\/v2\/comments?post=2399"}],"version-history":[{"count":67,"href":"https:\/\/steverousseaudesigns.com\/fr\/wp-json\/wp\/v2\/pages\/2399\/revisions"}],"predecessor-version":[{"id":17527,"href":"https:\/\/steverousseaudesigns.com\/fr\/wp-json\/wp\/v2\/pages\/2399\/revisions\/17527"}],"wp:attachment":[{"href":"https:\/\/steverousseaudesigns.com\/fr\/wp-json\/wp\/v2\/media?parent=2399"}],"curies":[{"name":"wp","href":"https:\/\/api.w.org\/{rel}","templated":true}]}}